{"id":20,"date":"2022-09-24T14:07:10","date_gmt":"2022-09-24T12:07:10","guid":{"rendered":"http:\/\/51.83.43.115\/?page_id=20"},"modified":"2023-05-05T14:11:48","modified_gmt":"2023-05-05T12:11:48","slug":"accueil","status":"publish","type":"page","link":"https:\/\/irem-caen-mn.fr\/","title":{"rendered":""},"content":{"rendered":"\n<div class=\"wp-block-columns is-layout-flex wp-container-core-columns-is-layout-9d6595d7 wp-block-columns-is-layout-flex\">\n<div class=\"wp-block-column is-layout-flow wp-block-column-is-layout-flow\" style=\"flex-basis:33.33%\"><div class=\"wp-block-image\">\n<figure class=\"aligncenter size-full is-resized\"><img loading=\"lazy\" decoding=\"async\" src=\"http:\/\/irem-caen-mn.fr\/wp-content\/uploads\/2022\/10\/logo-groupe.jpg\" alt=\"\" class=\"wp-image-317\" width=\"304\" height=\"304\" srcset=\"https:\/\/irem-caen-mn.fr\/wp-content\/uploads\/2022\/10\/logo-groupe.jpg 837w, https:\/\/irem-caen-mn.fr\/wp-content\/uploads\/2022\/10\/logo-groupe-300x300.jpg 300w, https:\/\/irem-caen-mn.fr\/wp-content\/uploads\/2022\/10\/logo-groupe-150x150.jpg 150w, https:\/\/irem-caen-mn.fr\/wp-content\/uploads\/2022\/10\/logo-groupe-768x768.jpg 768w, https:\/\/irem-caen-mn.fr\/wp-content\/uploads\/2022\/10\/logo-groupe-130x130.jpg 130w, https:\/\/irem-caen-mn.fr\/wp-content\/uploads\/2022\/10\/logo-groupe-106x106.jpg 106w\" sizes=\"auto, (max-width: 304px) 100vw, 304px\" \/><\/figure>\n<\/div><\/div>\n\n\n\n<div class=\"wp-block-column is-vertically-aligned-center is-layout-flow wp-block-column-is-layout-flow\" style=\"flex-basis:66.66%\">\n<h2 class=\"wp-block-heading\">Groupe Math\u00e9matiques et Num\u00e9riques de l&rsquo;IREM de Basse Normandie<\/h2>\n\n\n\n<div style=\"height:20px\" aria-hidden=\"true\" class=\"wp-block-spacer\"><\/div>\n\n\n\n<p>Nous travaillons sur l\u2019impact de l\u2019utilisation du num\u00e9rique dans l\u2019apprentissage des math\u00e9matiques. <\/p>\n<\/div>\n<\/div>\n\n\n\n<div class=\"wp-block-group\"><div class=\"wp-block-group__inner-container is-layout-flow wp-block-group-is-layout-flow\">\n<h2 class=\"wp-block-heading\">Les membres du groupe<\/h2>\n\n\n\n<div class=\"wp-block-columns is-layout-flex wp-container-core-columns-is-layout-9d6595d7 wp-block-columns-is-layout-flex\">\n<div class=\"wp-block-column is-vertically-aligned-top is-layout-flow wp-block-column-is-layout-flow\">\n<h3 class=\"wp-block-heading has-text-align-center\">Mathilde Colas<\/h3>\n\n\n<div class=\"wp-block-image\">\n<figure class=\"aligncenter size-full is-resized\"><img loading=\"lazy\" decoding=\"async\" src=\"http:\/\/irem-caen-mn.fr\/wp-content\/uploads\/2022\/10\/mathilde1.png\" alt=\"\" class=\"wp-image-466\" width=\"134\" height=\"134\" srcset=\"https:\/\/irem-caen-mn.fr\/wp-content\/uploads\/2022\/10\/mathilde1.png 178w, https:\/\/irem-caen-mn.fr\/wp-content\/uploads\/2022\/10\/mathilde1-150x150.png 150w, https:\/\/irem-caen-mn.fr\/wp-content\/uploads\/2022\/10\/mathilde1-130x130.png 130w, https:\/\/irem-caen-mn.fr\/wp-content\/uploads\/2022\/10\/mathilde1-106x106.png 106w\" sizes=\"auto, (max-width: 134px) 100vw, 134px\" \/><\/figure>\n<\/div>\n\n\n<p class=\"has-text-align-center\">Lyc\u00e9e professionnel Claude Lehec<br>Saint Hilaire du Harcou\u00ebt<\/p>\n<\/div>\n\n\n\n<div class=\"wp-block-column is-vertically-aligned-top is-layout-flow wp-block-column-is-layout-flow\">\n<h3 class=\"wp-block-heading has-text-align-center\">Guillaume Leboucher<\/h3>\n\n\n<div class=\"wp-block-image\">\n<figure class=\"aligncenter size-full is-resized\"><img loading=\"lazy\" decoding=\"async\" src=\"http:\/\/irem-caen-mn.fr\/wp-content\/uploads\/2022\/11\/bitmoji_Guillaume.png\" alt=\"\" class=\"wp-image-632\" width=\"132\" height=\"132\" srcset=\"https:\/\/irem-caen-mn.fr\/wp-content\/uploads\/2022\/11\/bitmoji_Guillaume.png 178w, https:\/\/irem-caen-mn.fr\/wp-content\/uploads\/2022\/11\/bitmoji_Guillaume-150x150.png 150w, https:\/\/irem-caen-mn.fr\/wp-content\/uploads\/2022\/11\/bitmoji_Guillaume-130x130.png 130w, https:\/\/irem-caen-mn.fr\/wp-content\/uploads\/2022\/11\/bitmoji_Guillaume-106x106.png 106w\" sizes=\"auto, (max-width: 132px) 100vw, 132px\" \/><\/figure>\n<\/div>\n\n\n<p class=\"has-text-align-center\">Lyc\u00e9e Charles De Gaulle<br>Caen<\/p>\n<\/div>\n\n\n\n<div class=\"wp-block-column is-vertically-aligned-top is-layout-flow wp-block-column-is-layout-flow\">\n<h3 class=\"wp-block-heading has-text-align-center\">Jacques Picard<\/h3>\n\n\n<div class=\"wp-block-image\">\n<figure class=\"aligncenter size-full is-resized\"><img loading=\"lazy\" decoding=\"async\" src=\"http:\/\/irem-caen-mn.fr\/wp-content\/uploads\/2022\/11\/Jacque-1.png\" alt=\"\" class=\"wp-image-576\" width=\"134\" height=\"134\" srcset=\"https:\/\/irem-caen-mn.fr\/wp-content\/uploads\/2022\/11\/Jacque-1.png 178w, https:\/\/irem-caen-mn.fr\/wp-content\/uploads\/2022\/11\/Jacque-1-150x150.png 150w, https:\/\/irem-caen-mn.fr\/wp-content\/uploads\/2022\/11\/Jacque-1-130x130.png 130w, https:\/\/irem-caen-mn.fr\/wp-content\/uploads\/2022\/11\/Jacque-1-106x106.png 106w\" sizes=\"auto, (max-width: 134px) 100vw, 134px\" \/><\/figure>\n<\/div>\n\n\n<p class=\"has-text-align-center\">Lyc\u00e9e Chartier<br>Bayeux<\/p>\n<\/div>\n\n\n\n<div class=\"wp-block-column is-vertically-aligned-top is-layout-flow wp-block-column-is-layout-flow\">\n<h3 class=\"wp-block-heading has-text-align-center\">Vincent Roullier<\/h3>\n\n\n<div class=\"wp-block-image\">\n<figure class=\"aligncenter size-full is-resized\"><img loading=\"lazy\" decoding=\"async\" src=\"http:\/\/irem-caen-mn.fr\/wp-content\/uploads\/2022\/11\/vincent_roullier.jpg\" alt=\"\" class=\"wp-image-637\" width=\"128\" height=\"128\" srcset=\"https:\/\/irem-caen-mn.fr\/wp-content\/uploads\/2022\/11\/vincent_roullier.jpg 313w, https:\/\/irem-caen-mn.fr\/wp-content\/uploads\/2022\/11\/vincent_roullier-300x300.jpg 300w, https:\/\/irem-caen-mn.fr\/wp-content\/uploads\/2022\/11\/vincent_roullier-150x150.jpg 150w, https:\/\/irem-caen-mn.fr\/wp-content\/uploads\/2022\/11\/vincent_roullier-130x130.jpg 130w, https:\/\/irem-caen-mn.fr\/wp-content\/uploads\/2022\/11\/vincent_roullier-106x106.jpg 106w\" sizes=\"auto, (max-width: 128px) 100vw, 128px\" \/><\/figure>\n<\/div>\n\n\n<p class=\"has-text-align-center\">Lyc\u00e9e Les Andaines<br>La Fert\u00e9 Mac\u00e9<\/p>\n<\/div>\n<\/div>\n\n\n\n<div class=\"wp-block-columns is-layout-flex wp-container-core-columns-is-layout-9d6595d7 wp-block-columns-is-layout-flex\">\n<div class=\"wp-block-column is-vertically-aligned-top is-layout-flow wp-block-column-is-layout-flow\">\n<h3 class=\"wp-block-heading has-text-align-center\">Karine Racofier<\/h3>\n\n\n<div class=\"wp-block-image\">\n<figure class=\"aligncenter size-full is-resized\"><img loading=\"lazy\" decoding=\"async\" src=\"http:\/\/irem-caen-mn.fr\/wp-content\/uploads\/2022\/11\/16687831396421463592642885503486.png\" alt=\"\" class=\"wp-image-647\" width=\"134\" height=\"134\" srcset=\"https:\/\/irem-caen-mn.fr\/wp-content\/uploads\/2022\/11\/16687831396421463592642885503486.png 178w, https:\/\/irem-caen-mn.fr\/wp-content\/uploads\/2022\/11\/16687831396421463592642885503486-150x150.png 150w, https:\/\/irem-caen-mn.fr\/wp-content\/uploads\/2022\/11\/16687831396421463592642885503486-130x130.png 130w, https:\/\/irem-caen-mn.fr\/wp-content\/uploads\/2022\/11\/16687831396421463592642885503486-106x106.png 106w\" sizes=\"auto, (max-width: 134px) 100vw, 134px\" \/><\/figure>\n<\/div>\n\n\n<p class=\"has-text-align-center\">Lyc\u00e9e Napol\u00e9on <br>L&rsquo;Aigle<\/p>\n<\/div>\n\n\n\n<div class=\"wp-block-column is-vertically-aligned-top is-layout-flow wp-block-column-is-layout-flow\">\n<h3 class=\"wp-block-heading has-text-align-center\">Laura Flieger<\/h3>\n\n\n\n<p class=\"has-text-align-center\">Lyc\u00e9e Napol\u00e9on<br>L&rsquo;aigle<\/p>\n\n\n\n<p><\/p>\n<\/div>\n\n\n\n<div class=\"wp-block-column is-vertically-aligned-top is-layout-flow wp-block-column-is-layout-flow\">\n<h3 class=\"wp-block-heading has-text-align-center\">Eric Reyssat<\/h3>\n\n\n\n<p class=\"has-text-align-center\">Universit\u00e9 de Caen<\/p>\n<\/div>\n<\/div>\n<\/div><\/div>\n","protected":false},"excerpt":{"rendered":"<p>Groupe Math\u00e9matiques et Num\u00e9riques de l&rsquo;IREM de Basse Normandie Nous travaillons sur l\u2019impact de l\u2019utilisation du num\u00e9rique dans l\u2019apprentissage des math\u00e9matiques. Les membres du groupe &hellip; <\/p>\n","protected":false},"author":4,"featured_media":0,"parent":0,"menu_order":0,"comment_status":"closed","ping_status":"closed","template":"template-home.php","meta":{"_coblocks_attr":"","_coblocks_dimensions":"","_coblocks_responsive_height":"","_coblocks_accordion_ie_support":"","footnotes":""},"categories":[],"tags":[],"class_list":["post-20","page","type-page","status-publish","hentry"],"_links":{"self":[{"href":"https:\/\/irem-caen-mn.fr\/index.php\/wp-json\/wp\/v2\/pages\/20","targetHints":{"allow":["GET"]}}],"collection":[{"href":"https:\/\/irem-caen-mn.fr\/index.php\/wp-json\/wp\/v2\/pages"}],"about":[{"href":"https:\/\/irem-caen-mn.fr\/index.php\/wp-json\/wp\/v2\/types\/page"}],"author":[{"embeddable":true,"href":"https:\/\/irem-caen-mn.fr\/index.php\/wp-json\/wp\/v2\/users\/4"}],"replies":[{"embeddable":true,"href":"https:\/\/irem-caen-mn.fr\/index.php\/wp-json\/wp\/v2\/comments?post=20"}],"version-history":[{"count":29,"href":"https:\/\/irem-caen-mn.fr\/index.php\/wp-json\/wp\/v2\/pages\/20\/revisions"}],"predecessor-version":[{"id":1037,"href":"https:\/\/irem-caen-mn.fr\/index.php\/wp-json\/wp\/v2\/pages\/20\/revisions\/1037"}],"wp:attachment":[{"href":"https:\/\/irem-caen-mn.fr\/index.php\/wp-json\/wp\/v2\/media?parent=20"}],"wp:term":[{"taxonomy":"category","embeddable":true,"href":"https:\/\/irem-caen-mn.fr\/index.php\/wp-json\/wp\/v2\/categories?post=20"},{"taxonomy":"post_tag","embeddable":true,"href":"https:\/\/irem-caen-mn.fr\/index.php\/wp-json\/wp\/v2\/tags?post=20"}],"curies":[{"name":"wp","href":"https:\/\/api.w.org\/{rel}","templated":true}]}}