{"id":22,"date":"2022-09-24T14:09:27","date_gmt":"2022-09-24T12:09:27","guid":{"rendered":"http:\/\/51.83.43.115\/?page_id=22"},"modified":"2023-03-10T09:14:11","modified_gmt":"2023-03-10T08:14:11","slug":"rapports-institutionnels","status":"publish","type":"page","link":"https:\/\/irem-caen-mn.fr\/index.php\/rapports-institutionnels\/","title":{"rendered":"Rapports sur le num\u00e9rique et les apprentissages scolaires"},"content":{"rendered":"\n<div class=\"wp-block-columns is-layout-flex wp-container-core-columns-is-layout-9d6595d7 wp-block-columns-is-layout-flex\">\n<div class=\"wp-block-column is-layout-flow wp-block-column-is-layout-flow\">\n<div class=\"wp-block-buttons is-content-justification-center is-layout-flex wp-container-core-buttons-is-layout-16018d1d wp-block-buttons-is-layout-flex\">\n<div class=\"wp-block-button has-custom-width wp-block-button__width-100 has-custom-font-size is-style-shadow\" style=\"font-size:22px\"><a class=\"wp-block-button__link has-white-color has-text-color has-background wp-element-button\" href=\"https:\/\/www.cnesco.fr\/wp-content\/uploads\/2020\/10\/201015_Cnesco_Numerique_Tricot__Chesne_Rapport_synthese.pdf\" style=\"border-radius:10px;background-color:#06648f\" target=\"_blank\" rel=\"noreferrer noopener\"><strong>Rapport du Cnesco<\/strong><\/a><\/div>\n<\/div>\n<\/div>\n\n\n\n<div class=\"wp-block-column is-layout-flow wp-block-column-is-layout-flow\">\n<div class=\"wp-block-buttons is-content-justification-center is-layout-flex wp-container-core-buttons-is-layout-16018d1d wp-block-buttons-is-layout-flex\">\n<div class=\"wp-block-button has-custom-width wp-block-button__width-100 has-custom-font-size is-style-shadow\" style=\"font-size:22px\"><a class=\"wp-block-button__link has-white-color has-text-color has-background wp-element-button\" href=\"https:\/\/www.education.gouv.fr\/media\/115738\/download\" style=\"border-radius:10px;background-color:#076d9c\" target=\"_blank\" rel=\"noreferrer noopener\"><strong>Rapport du CSP<\/strong> (t\u00e9l\u00e9chargement)<\/a><\/div>\n<\/div>\n<\/div>\n<\/div>\n\n\n\n<p>Paru en 2020 et r\u00e9dig\u00e9 par Andr\u00e9 Tricot et Jean Fran\u00e7ois Chesn\u00e9, le rapport du Cesno, <strong>Num\u00e9rique et apprentissages scolaires<\/strong>, a pour objectif d&rsquo;apporter un \u00e9clairage sur l&rsquo;apport du num\u00e9rique lors des apprentissages scolaires.<\/p>\n\n\n\n<p>Un volet concerne diff\u00e9rentes disciplines et les math\u00e9matiques sont concern\u00e9es.<\/p>\n\n\n\n<p>Ci dessous un extrait qui permet de visualiser les domaines ou le num\u00e9rique semble pertinent dans les apprentissages en math\u00e9matiques.<\/p>\n\n\n<div class=\"wp-block-image\">\n<figure class=\"aligncenter size-large is-resized has-lightbox\"><img loading=\"lazy\" decoding=\"async\" src=\"http:\/\/irem-caen-mn.fr\/wp-content\/uploads\/2022\/09\/tricot-1-1024x958.jpg\" alt=\"\" class=\"wp-image-63\" width=\"650\" height=\"618\"\/><\/figure>\n<\/div>\n\n\n<p><\/p>\n\n\n\n<p>Paru en 2022 et r\u00e9dig\u00e9 par le Conseil Sup\u00e9rieur des Programmes le rapport <strong>Avis sur la contribution du num\u00e9rique \u00e0 la transmission des savoirs et \u00e0 l\u2019am\u00e9lioration des pratiques p\u00e9dagogiques<\/strong> est tr\u00e8s complet. Il traite de tous les aspects de l&rsquo;utilisation du num\u00e9rique de l&rsquo;\u00e9cole au lyc\u00e9e. L\u00e0 encore une partie est d\u00e9di\u00e9e \u00e0 l&rsquo;enseignement des math\u00e9matiques (<strong>pages 21 \u00e0 23<\/strong>). <\/p>\n\n\n\n<p>Concernant notre discipline l&rsquo;accent est mis sur l&rsquo;importance prise par les algorithmes et la programmation dans les programmes. Il met \u00e9galement en garde sur une utilisation syst\u00e9matique de proc\u00e9dures essais-erreurs qui peut alt\u00e9rer la mise en place d&rsquo;un raisonnement.<\/p>\n\n\n\n<p>Enfin le chapitre <strong>III. Les incidences du num\u00e9rique sur les apprentissages, les relations interindividuelles et collectives et la sant\u00e9<\/strong> concerne tous les enseignants. <\/p>\n\n\n<div class=\"wp-block-image\">\n<figure class=\"aligncenter size-full\"><img loading=\"lazy\" decoding=\"async\" width=\"595\" height=\"840\" src=\"http:\/\/irem-caen-mn.fr\/wp-content\/uploads\/2022\/11\/rapport-CSP-2022.jpg\" alt=\"\" class=\"wp-image-618\" srcset=\"https:\/\/irem-caen-mn.fr\/wp-content\/uploads\/2022\/11\/rapport-CSP-2022.jpg 595w, https:\/\/irem-caen-mn.fr\/wp-content\/uploads\/2022\/11\/rapport-CSP-2022-213x300.jpg 213w\" sizes=\"auto, (max-width: 595px) 100vw, 595px\" \/><\/figure>\n<\/div>","protected":false},"excerpt":{"rendered":"<p>Paru en 2020 et r\u00e9dig\u00e9 par Andr\u00e9 Tricot et Jean Fran\u00e7ois Chesn\u00e9, le rapport du Cesno, Num\u00e9rique et apprentissages scolaires, a pour objectif d&rsquo;apporter un &hellip; <\/p>\n","protected":false},"author":4,"featured_media":0,"parent":0,"menu_order":1,"comment_status":"closed","ping_status":"closed","template":"","meta":{"_coblocks_attr":"","_coblocks_dimensions":"","_coblocks_responsive_height":"","_coblocks_accordion_ie_support":"","footnotes":""},"categories":[],"tags":[],"class_list":["post-22","page","type-page","status-publish","hentry"],"_links":{"self":[{"href":"https:\/\/irem-caen-mn.fr\/index.php\/wp-json\/wp\/v2\/pages\/22","targetHints":{"allow":["GET"]}}],"collection":[{"href":"https:\/\/irem-caen-mn.fr\/index.php\/wp-json\/wp\/v2\/pages"}],"about":[{"href":"https:\/\/irem-caen-mn.fr\/index.php\/wp-json\/wp\/v2\/types\/page"}],"author":[{"embeddable":true,"href":"https:\/\/irem-caen-mn.fr\/index.php\/wp-json\/wp\/v2\/users\/4"}],"replies":[{"embeddable":true,"href":"https:\/\/irem-caen-mn.fr\/index.php\/wp-json\/wp\/v2\/comments?post=22"}],"version-history":[{"count":25,"href":"https:\/\/irem-caen-mn.fr\/index.php\/wp-json\/wp\/v2\/pages\/22\/revisions"}],"predecessor-version":[{"id":842,"href":"https:\/\/irem-caen-mn.fr\/index.php\/wp-json\/wp\/v2\/pages\/22\/revisions\/842"}],"wp:attachment":[{"href":"https:\/\/irem-caen-mn.fr\/index.php\/wp-json\/wp\/v2\/media?parent=22"}],"wp:term":[{"taxonomy":"category","embeddable":true,"href":"https:\/\/irem-caen-mn.fr\/index.php\/wp-json\/wp\/v2\/categories?post=22"},{"taxonomy":"post_tag","embeddable":true,"href":"https:\/\/irem-caen-mn.fr\/index.php\/wp-json\/wp\/v2\/tags?post=22"}],"curies":[{"name":"wp","href":"https:\/\/api.w.org\/{rel}","templated":true}]}}