{"id":354,"date":"2022-10-15T23:02:10","date_gmt":"2022-10-15T21:02:10","guid":{"rendered":"https:\/\/irem-caen-mn.fr\/?page_id=354"},"modified":"2023-03-11T13:47:12","modified_gmt":"2023-03-11T12:47:12","slug":"capytale","status":"publish","type":"page","link":"https:\/\/irem-caen-mn.fr\/index.php\/outils\/capytale\/","title":{"rendered":"Capytale"},"content":{"rendered":"\n<div class=\"wp-block-columns has-background is-layout-flex wp-container-core-columns-is-layout-9d6595d7 wp-block-columns-is-layout-flex\" style=\"background-color:#ddecf8\">\n<div class=\"wp-block-column is-vertically-aligned-center is-layout-flow wp-block-column-is-layout-flow\" style=\"flex-basis:15%\"><figure class=\"wp-block-post-featured-image\"><img loading=\"lazy\" decoding=\"async\" width=\"916\" height=\"916\" src=\"https:\/\/irem-caen-mn.fr\/wp-content\/uploads\/2022\/10\/Capytale.png\" class=\"attachment-post-thumbnail size-post-thumbnail wp-post-image\" alt=\"\" style=\"object-fit:cover;\" srcset=\"https:\/\/irem-caen-mn.fr\/wp-content\/uploads\/2022\/10\/Capytale.png 916w, https:\/\/irem-caen-mn.fr\/wp-content\/uploads\/2022\/10\/Capytale-300x300.png 300w, https:\/\/irem-caen-mn.fr\/wp-content\/uploads\/2022\/10\/Capytale-150x150.png 150w, https:\/\/irem-caen-mn.fr\/wp-content\/uploads\/2022\/10\/Capytale-768x768.png 768w, https:\/\/irem-caen-mn.fr\/wp-content\/uploads\/2022\/10\/Capytale-130x130.png 130w, https:\/\/irem-caen-mn.fr\/wp-content\/uploads\/2022\/10\/Capytale-106x106.png 106w\" sizes=\"auto, (max-width: 916px) 100vw, 916px\" \/><\/figure><\/div>\n\n\n\n<div class=\"wp-block-column is-vertically-aligned-center is-layout-flow wp-block-column-is-layout-flow\" style=\"flex-basis:66.66%\">\n<p class=\"has-text-align-center\" style=\"font-size:1.2em\"><em>Capytale est une plateforme d&rsquo;apprentissage de la programmation mise \u00e0 disposition par l&rsquo;acad\u00e9mie de Paris <\/em><\/p>\n<\/div>\n<\/div>\n\n\n\n<!--more-->\n\n\n\n<p>Capytale, un service Web pour cr\u00e9er et partager des activit\u00e9s p\u00e9dagogiques de codage. <\/p>\n\n\n\n<p>Le projet Capytale, propos\u00e9 par l\u2019acad\u00e9mie de Paris, est un service num\u00e9rique p\u00e9dagogique permettant la cr\u00e9ation et le partage d\u2019activit\u00e9s de codage entre enseignants et \u00e9l\u00e8ves. Le syst\u00e8me fonctionne enti\u00e8rement en ligne sans aucune installation locale et offre une interface commune pour diff\u00e9rentes activit\u00e9s d\u2019apprentissage.<\/p>\n\n\n\n<p>De nombreux ENT sont connect\u00e9s via leur portail d&rsquo;authentification permettant ainsi de simplifier l&rsquo;acc\u00e8s aux ressources pour les \u00e9l\u00e8ves et les enseignants.<\/p>\n\n\n\n<p>L&rsquo;acad\u00e9mie de Paris travaille activement pour ajouter de nouvelles fonctionnalit\u00e9s comme Scratch, SQL (pour les \u00e9l\u00e8ves NSI), etc.  <\/p>\n\n\n\n<p class=\"has-text-align-center\"><a href=\"https:\/\/capytale2.ac-paris.fr\/web\/accueil\" target=\"_blank\" rel=\"noreferrer noopener\"><img decoding=\"async\" width=\"150\" src=\"http:\/\/irem-caen-mn.fr\/wp-content\/uploads\/2023\/03\/image-2.png\" alt=\"\"><\/a><\/p>\n\n\n\n<div class=\"wp-block-columns is-layout-flex wp-container-core-columns-is-layout-9d6595d7 wp-block-columns-is-layout-flex\">\n<div class=\"wp-block-column is-layout-flow wp-block-column-is-layout-flow\">\n<div class=\"wp-block-columns is-layout-flex wp-container-core-columns-is-layout-9d6595d7 wp-block-columns-is-layout-flex\">\n<div class=\"wp-block-column is-layout-flow wp-block-column-is-layout-flow\" style=\"flex-basis:10%\"><\/div>\n\n\n\n<div class=\"wp-block-column is-layout-flow wp-block-column-is-layout-flow\" style=\"flex-basis:80%\">\n<figure class=\"wp-block-image size-full is-resized\"><img loading=\"lazy\" decoding=\"async\" src=\"http:\/\/irem-caen-mn.fr\/wp-content\/uploads\/2022\/11\/1-1.png\" alt=\"\" class=\"wp-image-560\" width=\"264\" height=\"49\" srcset=\"https:\/\/irem-caen-mn.fr\/wp-content\/uploads\/2022\/11\/1-1.png 945w, https:\/\/irem-caen-mn.fr\/wp-content\/uploads\/2022\/11\/1-1-300x56.png 300w, https:\/\/irem-caen-mn.fr\/wp-content\/uploads\/2022\/11\/1-1-768x144.png 768w\" sizes=\"auto, (max-width: 264px) 100vw, 264px\" \/><\/figure>\n<\/div>\n\n\n\n<div class=\"wp-block-column is-layout-flow wp-block-column-is-layout-flow\" style=\"flex-basis:10%\"><\/div>\n<\/div>\n\n\n\n<ul class=\"has-background wp-block-list\" style=\"background-color:#ddecf8\">\n<li>=&gt; Python &#8211; Scratch sans installation et \u00e0 jour et \u00e9volutif <\/li>\n\n\n\n<li>=&gt; Acc\u00e8s simplifier via l&rsquo;ENT<\/li>\n\n\n\n<li>=&gt; De nombreuses ressources accessibles et partag\u00e9es<\/li>\n\n\n\n<li>=&gt; RGPD<\/li>\n\n\n\n<li>=&gt; Suivi et \u00e9valuation <\/li>\n<\/ul>\n<\/div>\n\n\n\n<div class=\"wp-block-column is-layout-flow wp-block-column-is-layout-flow\">\n<div class=\"wp-block-columns is-layout-flex wp-container-core-columns-is-layout-9d6595d7 wp-block-columns-is-layout-flex\">\n<div class=\"wp-block-column is-layout-flow wp-block-column-is-layout-flow\" style=\"flex-basis:10%\"><\/div>\n\n\n\n<div class=\"wp-block-column is-layout-flow wp-block-column-is-layout-flow\" style=\"flex-basis:80%\">\n<figure class=\"wp-block-image size-full\"><img loading=\"lazy\" decoding=\"async\" width=\"945\" height=\"177\" src=\"http:\/\/irem-caen-mn.fr\/wp-content\/uploads\/2022\/11\/2-1.png\" alt=\"\" class=\"wp-image-559\" srcset=\"https:\/\/irem-caen-mn.fr\/wp-content\/uploads\/2022\/11\/2-1.png 945w, https:\/\/irem-caen-mn.fr\/wp-content\/uploads\/2022\/11\/2-1-300x56.png 300w, https:\/\/irem-caen-mn.fr\/wp-content\/uploads\/2022\/11\/2-1-768x144.png 768w\" sizes=\"auto, (max-width: 945px) 100vw, 945px\" \/><\/figure>\n<\/div>\n\n\n\n<div class=\"wp-block-column is-layout-flow wp-block-column-is-layout-flow\" style=\"flex-basis:10%\"><\/div>\n<\/div>\n\n\n\n<ul class=\"has-background wp-block-list\" style=\"background-color:#ddecf8\">\n<li>=&gt; D\u00e9pendance de l&rsquo;acad\u00e9mie de Paris<\/li>\n\n\n\n<li>=&gt; N\u00e9cessite une connexion internet<\/li>\n\n\n\n<li>=&gt; Quelques connaissances n\u00e9cessaire pour la r\u00e9daction de  TP.<\/li>\n<\/ul>\n<\/div>\n<\/div>\n","protected":false},"excerpt":{"rendered":"<p>Capytale est une plateforme d&rsquo;apprentissage de la programmation mise \u00e0 disposition par l&rsquo;acad\u00e9mie de Paris<\/p>\n","protected":false},"author":1,"featured_media":171,"parent":16,"menu_order":0,"comment_status":"closed","ping_status":"closed","template":"","meta":{"_coblocks_attr":"","_coblocks_dimensions":"","_coblocks_responsive_height":"","_coblocks_accordion_ie_support":"","footnotes":""},"categories":[17],"tags":[],"class_list":["post-354","page","type-page","status-publish","has-post-thumbnail","hentry","category-outils"],"_links":{"self":[{"href":"https:\/\/irem-caen-mn.fr\/index.php\/wp-json\/wp\/v2\/pages\/354","targetHints":{"allow":["GET"]}}],"collection":[{"href":"https:\/\/irem-caen-mn.fr\/index.php\/wp-json\/wp\/v2\/pages"}],"about":[{"href":"https:\/\/irem-caen-mn.fr\/index.php\/wp-json\/wp\/v2\/types\/page"}],"author":[{"embeddable":true,"href":"https:\/\/irem-caen-mn.fr\/index.php\/wp-json\/wp\/v2\/users\/1"}],"replies":[{"embeddable":true,"href":"https:\/\/irem-caen-mn.fr\/index.php\/wp-json\/wp\/v2\/comments?post=354"}],"version-history":[{"count":9,"href":"https:\/\/irem-caen-mn.fr\/index.php\/wp-json\/wp\/v2\/pages\/354\/revisions"}],"predecessor-version":[{"id":923,"href":"https:\/\/irem-caen-mn.fr\/index.php\/wp-json\/wp\/v2\/pages\/354\/revisions\/923"}],"up":[{"embeddable":true,"href":"https:\/\/irem-caen-mn.fr\/index.php\/wp-json\/wp\/v2\/pages\/16"}],"wp:featuredmedia":[{"embeddable":true,"href":"https:\/\/irem-caen-mn.fr\/index.php\/wp-json\/wp\/v2\/media\/171"}],"wp:attachment":[{"href":"https:\/\/irem-caen-mn.fr\/index.php\/wp-json\/wp\/v2\/media?parent=354"}],"wp:term":[{"taxonomy":"category","embeddable":true,"href":"https:\/\/irem-caen-mn.fr\/index.php\/wp-json\/wp\/v2\/categories?post=354"},{"taxonomy":"post_tag","embeddable":true,"href":"https:\/\/irem-caen-mn.fr\/index.php\/wp-json\/wp\/v2\/tags?post=354"}],"curies":[{"name":"wp","href":"https:\/\/api.w.org\/{rel}","templated":true}]}}