{"id":359,"date":"2022-10-15T23:03:52","date_gmt":"2022-10-15T21:03:52","guid":{"rendered":"https:\/\/irem-caen-mn.fr\/?page_id=359"},"modified":"2023-01-26T15:57:22","modified_gmt":"2023-01-26T14:57:22","slug":"python","status":"publish","type":"page","link":"https:\/\/irem-caen-mn.fr\/index.php\/outils\/python\/","title":{"rendered":"Python"},"content":{"rendered":"\n<div class=\"wp-block-columns has-background is-layout-flex wp-container-core-columns-is-layout-9d6595d7 wp-block-columns-is-layout-flex\" style=\"background-color:#ddecf8\">\n<div class=\"wp-block-column is-vertically-aligned-center is-layout-flow wp-block-column-is-layout-flow\" style=\"flex-basis:15%\"><figure class=\"wp-block-post-featured-image\"><img loading=\"lazy\" decoding=\"async\" width=\"916\" height=\"916\" src=\"https:\/\/irem-caen-mn.fr\/wp-content\/uploads\/2022\/09\/Python.jpg\" class=\"attachment-post-thumbnail size-post-thumbnail wp-post-image\" alt=\"\" style=\"object-fit:cover;\" srcset=\"https:\/\/irem-caen-mn.fr\/wp-content\/uploads\/2022\/09\/Python.jpg 916w, https:\/\/irem-caen-mn.fr\/wp-content\/uploads\/2022\/09\/Python-300x300.jpg 300w, https:\/\/irem-caen-mn.fr\/wp-content\/uploads\/2022\/09\/Python-150x150.jpg 150w, https:\/\/irem-caen-mn.fr\/wp-content\/uploads\/2022\/09\/Python-768x768.jpg 768w, https:\/\/irem-caen-mn.fr\/wp-content\/uploads\/2022\/09\/Python-130x130.jpg 130w, https:\/\/irem-caen-mn.fr\/wp-content\/uploads\/2022\/09\/Python-106x106.jpg 106w\" sizes=\"auto, (max-width: 916px) 100vw, 916px\" \/><\/figure><\/div>\n\n\n\n<div class=\"wp-block-column is-vertically-aligned-center is-layout-flow wp-block-column-is-layout-flow\" style=\"flex-basis:85%\">\n<p class=\"has-text-align-center\" style=\"font-size:1.5em\"><em>Python est un langage de programmation, il est cit\u00e9 officiellement dans les programmes actuels de math\u00e9matiques au lyc\u00e9e<\/em> et est tr\u00e8s utilis\u00e9 dans le sup\u00e9rieur.<\/p>\n<\/div>\n<\/div>\n\n\n\n<!--more-->\n\n\n\n<p>Python est un langage de programmation libre dont la premi\u00e8re version sort en 1991. Ses fonctionnalit\u00e9s robustes mais son langage simple bas\u00e9 sur la structure en a fait un des 10 langages les plus utilis\u00e9s au monde. <\/p>\n\n\n\n<p>Python est un langage int\u00e9ressant pour l&rsquo;apprentissage de l&rsquo;informatique car il est robuste, fiable, oblige \u00e0 acqu\u00e9rir de bons r\u00e9flexes de programmation notamment dans l&rsquo;indentation du code et il est utilis\u00e9 dans de nombreux domaines, notamment dans le sup\u00e9rieur (en CPGE, licences scientifiques, \u00e9coles d&rsquo;ing\u00e9nieur &#8230;).<\/p>\n\n\n\n<p>Depuis 2020, son enseignement est obligatoire au lyc\u00e9e.<\/p>\n\n\n\n<div class=\"wp-block-columns is-layout-flex wp-container-core-columns-is-layout-9d6595d7 wp-block-columns-is-layout-flex\">\n<div class=\"wp-block-column is-layout-flow wp-block-column-is-layout-flow\">\n<div class=\"wp-block-columns is-layout-flex wp-container-core-columns-is-layout-9d6595d7 wp-block-columns-is-layout-flex\">\n<div class=\"wp-block-column is-layout-flow wp-block-column-is-layout-flow\" style=\"flex-basis:10%\"><\/div>\n\n\n\n<div class=\"wp-block-column is-layout-flow wp-block-column-is-layout-flow\" style=\"flex-basis:80%\">\n<figure class=\"wp-block-image size-full is-resized\"><img loading=\"lazy\" decoding=\"async\" src=\"http:\/\/irem-caen-mn.fr\/wp-content\/uploads\/2022\/11\/1-1.png\" alt=\"\" class=\"wp-image-560\" width=\"264\" height=\"49\" srcset=\"https:\/\/irem-caen-mn.fr\/wp-content\/uploads\/2022\/11\/1-1.png 945w, https:\/\/irem-caen-mn.fr\/wp-content\/uploads\/2022\/11\/1-1-300x56.png 300w, https:\/\/irem-caen-mn.fr\/wp-content\/uploads\/2022\/11\/1-1-768x144.png 768w\" sizes=\"auto, (max-width: 264px) 100vw, 264px\" \/><\/figure>\n<\/div>\n\n\n\n<div class=\"wp-block-column is-layout-flow wp-block-column-is-layout-flow\" style=\"flex-basis:10%\"><\/div>\n<\/div>\n\n\n\n<ul class=\"has-background wp-block-list\" style=\"background-color:#ddecf8\">\n<li>De nombreuses biblioth\u00e8ques adapt\u00e9es aux probl\u00e8mes que l&rsquo;on regarde.<\/li>\n\n\n\n<li>Langage bas\u00e9 sur la structure<\/li>\n\n\n\n<li>Large communaut\u00e9 de programmeurs pr\u00eats \u00e0 aider.<\/li>\n<\/ul>\n<\/div>\n\n\n\n<div class=\"wp-block-column is-layout-flow wp-block-column-is-layout-flow\">\n<div class=\"wp-block-columns is-layout-flex wp-container-core-columns-is-layout-9d6595d7 wp-block-columns-is-layout-flex\">\n<div class=\"wp-block-column is-layout-flow wp-block-column-is-layout-flow\" style=\"flex-basis:10%\"><\/div>\n\n\n\n<div class=\"wp-block-column is-layout-flow wp-block-column-is-layout-flow\" style=\"flex-basis:80%\">\n<figure class=\"wp-block-image size-full\"><img loading=\"lazy\" decoding=\"async\" width=\"945\" height=\"177\" src=\"http:\/\/irem-caen-mn.fr\/wp-content\/uploads\/2022\/11\/2-1.png\" alt=\"\" class=\"wp-image-559\" srcset=\"https:\/\/irem-caen-mn.fr\/wp-content\/uploads\/2022\/11\/2-1.png 945w, https:\/\/irem-caen-mn.fr\/wp-content\/uploads\/2022\/11\/2-1-300x56.png 300w, https:\/\/irem-caen-mn.fr\/wp-content\/uploads\/2022\/11\/2-1-768x144.png 768w\" sizes=\"auto, (max-width: 945px) 100vw, 945px\" \/><\/figure>\n<\/div>\n\n\n\n<div class=\"wp-block-column is-layout-flow wp-block-column-is-layout-flow\" style=\"flex-basis:10%\"><\/div>\n<\/div>\n\n\n\n<ul class=\"has-background wp-block-list\" style=\"background-color:#ddecf8\">\n<li>La gestion des biblioth\u00e8ques et leur installation peut \u00eatre compliqu\u00e9.<\/li>\n<\/ul>\n<\/div>\n<\/div>\n\n\n\n<p><\/p>\n","protected":false},"excerpt":{"rendered":"<p>Python est un langage de programmation, il est cit\u00e9 officiellement dans les programmes actuels de math\u00e9matiques au lyc\u00e9e et est tr\u00e8s utilis\u00e9 dans le sup\u00e9rieur.<\/p>\n","protected":false},"author":4,"featured_media":99,"parent":16,"menu_order":0,"comment_status":"closed","ping_status":"closed","template":"","meta":{"_coblocks_attr":"","_coblocks_dimensions":"","_coblocks_responsive_height":"","_coblocks_accordion_ie_support":"","footnotes":""},"categories":[17],"tags":[],"class_list":["post-359","page","type-page","status-publish","has-post-thumbnail","hentry","category-outils"],"_links":{"self":[{"href":"https:\/\/irem-caen-mn.fr\/index.php\/wp-json\/wp\/v2\/pages\/359","targetHints":{"allow":["GET"]}}],"collection":[{"href":"https:\/\/irem-caen-mn.fr\/index.php\/wp-json\/wp\/v2\/pages"}],"about":[{"href":"https:\/\/irem-caen-mn.fr\/index.php\/wp-json\/wp\/v2\/types\/page"}],"author":[{"embeddable":true,"href":"https:\/\/irem-caen-mn.fr\/index.php\/wp-json\/wp\/v2\/users\/4"}],"replies":[{"embeddable":true,"href":"https:\/\/irem-caen-mn.fr\/index.php\/wp-json\/wp\/v2\/comments?post=359"}],"version-history":[{"count":9,"href":"https:\/\/irem-caen-mn.fr\/index.php\/wp-json\/wp\/v2\/pages\/359\/revisions"}],"predecessor-version":[{"id":833,"href":"https:\/\/irem-caen-mn.fr\/index.php\/wp-json\/wp\/v2\/pages\/359\/revisions\/833"}],"up":[{"embeddable":true,"href":"https:\/\/irem-caen-mn.fr\/index.php\/wp-json\/wp\/v2\/pages\/16"}],"wp:featuredmedia":[{"embeddable":true,"href":"https:\/\/irem-caen-mn.fr\/index.php\/wp-json\/wp\/v2\/media\/99"}],"wp:attachment":[{"href":"https:\/\/irem-caen-mn.fr\/index.php\/wp-json\/wp\/v2\/media?parent=359"}],"wp:term":[{"taxonomy":"category","embeddable":true,"href":"https:\/\/irem-caen-mn.fr\/index.php\/wp-json\/wp\/v2\/categories?post=359"},{"taxonomy":"post_tag","embeddable":true,"href":"https:\/\/irem-caen-mn.fr\/index.php\/wp-json\/wp\/v2\/tags?post=359"}],"curies":[{"name":"wp","href":"https:\/\/api.w.org\/{rel}","templated":true}]}}