{"id":365,"date":"2022-10-15T23:05:31","date_gmt":"2022-10-15T21:05:31","guid":{"rendered":"https:\/\/irem-caen-mn.fr\/?page_id=365"},"modified":"2023-03-11T22:12:06","modified_gmt":"2023-03-11T21:12:06","slug":"genially","status":"publish","type":"page","link":"https:\/\/irem-caen-mn.fr\/index.php\/outils\/genially\/","title":{"rendered":"G\u00e9nially"},"content":{"rendered":"\n<div class=\"wp-block-columns has-background is-layout-flex wp-container-core-columns-is-layout-9d6595d7 wp-block-columns-is-layout-flex\" style=\"background-color:#ddecf8\">\n<div class=\"wp-block-column is-vertically-aligned-center is-layout-flow wp-block-column-is-layout-flow\" style=\"flex-basis:15%\"><figure class=\"wp-block-post-featured-image\"><img loading=\"lazy\" decoding=\"async\" width=\"916\" height=\"916\" src=\"https:\/\/irem-caen-mn.fr\/wp-content\/uploads\/2022\/10\/Genially.png\" class=\"attachment-post-thumbnail size-post-thumbnail wp-post-image\" alt=\"\" style=\"object-fit:cover;\" srcset=\"https:\/\/irem-caen-mn.fr\/wp-content\/uploads\/2022\/10\/Genially.png 916w, https:\/\/irem-caen-mn.fr\/wp-content\/uploads\/2022\/10\/Genially-300x300.png 300w, https:\/\/irem-caen-mn.fr\/wp-content\/uploads\/2022\/10\/Genially-150x150.png 150w, https:\/\/irem-caen-mn.fr\/wp-content\/uploads\/2022\/10\/Genially-768x768.png 768w, https:\/\/irem-caen-mn.fr\/wp-content\/uploads\/2022\/10\/Genially-130x130.png 130w, https:\/\/irem-caen-mn.fr\/wp-content\/uploads\/2022\/10\/Genially-106x106.png 106w\" sizes=\"auto, (max-width: 916px) 100vw, 916px\" \/><\/figure><\/div>\n\n\n\n<div class=\"wp-block-column is-vertically-aligned-center is-layout-flow wp-block-column-is-layout-flow\" style=\"flex-basis:85%\">\n<p class=\"has-text-align-center\" style=\"font-size:1.5em\"><em>G\u00e9nially est un cr\u00e9ateur de contenus multim\u00e9dia en ligne permettant la cr\u00e9ation de contenus p\u00e9dagogiques<\/em>.<\/p>\n<\/div>\n<\/div>\n\n\n\n<!--more-->\n\n\n\n<p>G\u00e9nially est un cr\u00e9ateur de contenus multim\u00e9dia en ligne. Le site permet de cr\u00e9er facilement et rapidement des contenus interactifs. <\/p>\n\n\n\n<p>Le site a une partie gratuite permettant de cr\u00e9er ses propres cr\u00e9ations. On peut \u00e9galement s&rsquo;inspirer de mod\u00e8les gratuits. Cependant, les mod\u00e8les plus avanc\u00e9s sont payants. <\/p>\n\n\n<div class=\"wp-block-image\">\n<figure class=\"aligncenter size-full is-resized\"><a href=\"https:\/\/genial.ly\/fr\/\" target=\"_blank\" rel=\"noreferrer noopener\"><img decoding=\"async\" src=\"http:\/\/irem-caen-mn.fr\/wp-content\/uploads\/2023\/03\/image-5.png\" alt=\"\" class=\"wp-image-929\" width=\"175\" srcset=\"https:\/\/irem-caen-mn.fr\/wp-content\/uploads\/2023\/03\/image-5.png 985w, https:\/\/irem-caen-mn.fr\/wp-content\/uploads\/2023\/03\/image-5-300x157.png 300w, https:\/\/irem-caen-mn.fr\/wp-content\/uploads\/2023\/03\/image-5-768x402.png 768w\" sizes=\"(max-width: 985px) 100vw, 985px\" \/><\/a><\/figure>\n<\/div>\n\n\n<div class=\"wp-block-columns is-layout-flex wp-container-core-columns-is-layout-9d6595d7 wp-block-columns-is-layout-flex\">\n<div class=\"wp-block-column is-layout-flow wp-block-column-is-layout-flow\">\n<div class=\"wp-block-columns is-layout-flex wp-container-core-columns-is-layout-9d6595d7 wp-block-columns-is-layout-flex\">\n<div class=\"wp-block-column is-layout-flow wp-block-column-is-layout-flow\" style=\"flex-basis:10%\"><\/div>\n\n\n\n<div class=\"wp-block-column is-layout-flow wp-block-column-is-layout-flow\" style=\"flex-basis:80%\">\n<figure class=\"wp-block-image size-full is-resized\"><img loading=\"lazy\" decoding=\"async\" src=\"http:\/\/irem-caen-mn.fr\/wp-content\/uploads\/2022\/11\/1-1.png\" alt=\"\" class=\"wp-image-560\" width=\"264\" height=\"49\" srcset=\"https:\/\/irem-caen-mn.fr\/wp-content\/uploads\/2022\/11\/1-1.png 945w, https:\/\/irem-caen-mn.fr\/wp-content\/uploads\/2022\/11\/1-1-300x56.png 300w, https:\/\/irem-caen-mn.fr\/wp-content\/uploads\/2022\/11\/1-1-768x144.png 768w\" sizes=\"auto, (max-width: 264px) 100vw, 264px\" \/><\/figure>\n<\/div>\n\n\n\n<div class=\"wp-block-column is-layout-flow wp-block-column-is-layout-flow\" style=\"flex-basis:10%\"><\/div>\n<\/div>\n\n\n\n<ul class=\"has-background wp-block-list\" style=\"background-color:#ddecf8\">\n<li>=&gt; Cr\u00e9ation rapide et intuitive<\/li>\n\n\n\n<li>=&gt; 1001 mod\u00e8les gratuits \u00e0 modifier <\/li>\n\n\n\n<li>=&gt; L&rsquo;interaction des pages<\/li>\n<\/ul>\n<\/div>\n\n\n\n<div class=\"wp-block-column is-layout-flow wp-block-column-is-layout-flow\">\n<div class=\"wp-block-columns is-layout-flex wp-container-core-columns-is-layout-9d6595d7 wp-block-columns-is-layout-flex\">\n<div class=\"wp-block-column is-layout-flow wp-block-column-is-layout-flow\" style=\"flex-basis:10%\"><\/div>\n\n\n\n<div class=\"wp-block-column is-layout-flow wp-block-column-is-layout-flow\" style=\"flex-basis:80%\">\n<figure class=\"wp-block-image size-full\"><img loading=\"lazy\" decoding=\"async\" width=\"945\" height=\"177\" src=\"http:\/\/irem-caen-mn.fr\/wp-content\/uploads\/2022\/11\/2-1.png\" alt=\"\" class=\"wp-image-559\" srcset=\"https:\/\/irem-caen-mn.fr\/wp-content\/uploads\/2022\/11\/2-1.png 945w, https:\/\/irem-caen-mn.fr\/wp-content\/uploads\/2022\/11\/2-1-300x56.png 300w, https:\/\/irem-caen-mn.fr\/wp-content\/uploads\/2022\/11\/2-1-768x144.png 768w\" sizes=\"auto, (max-width: 945px) 100vw, 945px\" \/><\/figure>\n<\/div>\n\n\n\n<div class=\"wp-block-column is-layout-flow wp-block-column-is-layout-flow\" style=\"flex-basis:10%\"><\/div>\n<\/div>\n\n\n\n<ul class=\"has-background wp-block-list\" style=\"background-color:#ddecf8\">\n<li>=&gt; Bien que responsive, les contenus sont nettement plus agr\u00e9able \u00e0 consulter sur PC.<\/li>\n<\/ul>\n<\/div>\n<\/div>\n","protected":false},"excerpt":{"rendered":"<p>G\u00e9nially est un cr\u00e9ateur de contenus multim\u00e9dia en ligne permettant la cr\u00e9ation de contenus p\u00e9dagogiques.<\/p>\n","protected":false},"author":4,"featured_media":161,"parent":16,"menu_order":0,"comment_status":"closed","ping_status":"closed","template":"","meta":{"_coblocks_attr":"","_coblocks_dimensions":"","_coblocks_responsive_height":"","_coblocks_accordion_ie_support":"","footnotes":""},"categories":[17],"tags":[],"class_list":["post-365","page","type-page","status-publish","has-post-thumbnail","hentry","category-outils"],"_links":{"self":[{"href":"https:\/\/irem-caen-mn.fr\/index.php\/wp-json\/wp\/v2\/pages\/365","targetHints":{"allow":["GET"]}}],"collection":[{"href":"https:\/\/irem-caen-mn.fr\/index.php\/wp-json\/wp\/v2\/pages"}],"about":[{"href":"https:\/\/irem-caen-mn.fr\/index.php\/wp-json\/wp\/v2\/types\/page"}],"author":[{"embeddable":true,"href":"https:\/\/irem-caen-mn.fr\/index.php\/wp-json\/wp\/v2\/users\/4"}],"replies":[{"embeddable":true,"href":"https:\/\/irem-caen-mn.fr\/index.php\/wp-json\/wp\/v2\/comments?post=365"}],"version-history":[{"count":11,"href":"https:\/\/irem-caen-mn.fr\/index.php\/wp-json\/wp\/v2\/pages\/365\/revisions"}],"predecessor-version":[{"id":941,"href":"https:\/\/irem-caen-mn.fr\/index.php\/wp-json\/wp\/v2\/pages\/365\/revisions\/941"}],"up":[{"embeddable":true,"href":"https:\/\/irem-caen-mn.fr\/index.php\/wp-json\/wp\/v2\/pages\/16"}],"wp:featuredmedia":[{"embeddable":true,"href":"https:\/\/irem-caen-mn.fr\/index.php\/wp-json\/wp\/v2\/media\/161"}],"wp:attachment":[{"href":"https:\/\/irem-caen-mn.fr\/index.php\/wp-json\/wp\/v2\/media?parent=365"}],"wp:term":[{"taxonomy":"category","embeddable":true,"href":"https:\/\/irem-caen-mn.fr\/index.php\/wp-json\/wp\/v2\/categories?post=365"},{"taxonomy":"post_tag","embeddable":true,"href":"https:\/\/irem-caen-mn.fr\/index.php\/wp-json\/wp\/v2\/tags?post=365"}],"curies":[{"name":"wp","href":"https:\/\/api.w.org\/{rel}","templated":true}]}}